{"id":6318,"date":"2025-11-21T23:49:32","date_gmt":"2025-11-21T23:49:32","guid":{"rendered":"https:\/\/hyprox.pe\/?page_id=6318"},"modified":"2025-12-22T22:03:48","modified_gmt":"2025-12-22T22:03:48","slug":"nosotros","status":"publish","type":"page","link":"https:\/\/hyprox.pe\/?page_id=6318","title":{"rendered":"NOSOTROS"},"content":{"rendered":"\t\t<div data-elementor-type=\"wp-page\" data-elementor-id=\"6318\" class=\"elementor elementor-6318\">\n\t\t\t\t<div class=\"elementor-element elementor-element-37edb3dd e-flex e-con-boxed e-con e-parent\" data-id=\"37edb3dd\" data-element_type=\"container\" data-e-type=\"container\">\n\t\t\t\t\t<div class=\"e-con-inner\">\n\t\t\t\t<div class=\"elementor-element elementor-element-7e543146 elementor-widget elementor-widget-text-editor\" data-id=\"7e543146\" data-element_type=\"widget\" data-e-type=\"widget\" data-widget_type=\"text-editor.default\">\n\t\t\t\t\t\t\t\t\t\n<p data-pm-slice=\"0 0 []\">Hyprox es una marca con m\u00e1s de 13 a\u00f1os de experiencia en la comercializaci\u00f3n de repuestos para laptops, accesorios y equipos completos. La empresa est\u00e1 comprometida con brindar a sus clientes soluciones confiables, ofreciendo los repuestos necesarios para la reparaci\u00f3n y mantenimiento de laptops. Hyprox es representada por <strong>Consorcio Benavides y Asociados S.A.C.<\/strong>, identificada con el RUC <strong>20608033441<\/strong>, una empresa s\u00f3lida y confiable que ofrece una amplia gama de repuestos de alta calidad a precios competitivos.<\/p>\n\t\t\t\t\t\t\t\t<\/div>\n\t\t\t\t\t<\/div>\n\t\t\t\t<\/div>\n\t\t<div class=\"elementor-element elementor-element-50c931d e-flex e-con-boxed e-con e-parent\" data-id=\"50c931d\" data-element_type=\"container\" data-e-type=\"container\">\n\t\t\t\t\t<div class=\"e-con-inner\">\n\t\t<div class=\"elementor-element elementor-element-7fc0832 e-con-full e-flex e-con e-child\" data-id=\"7fc0832\" data-element_type=\"container\" data-e-type=\"container\">\n\t\t\t\t<div class=\"elementor-element elementor-element-c6cbb2a elementor-widget elementor-widget-image\" data-id=\"c6cbb2a\" data-element_type=\"widget\" data-e-type=\"widget\" data-widget_type=\"image.default\">\n\t\t\t\t\t\t\t\t\t\t\t\t\t\t\t<img fetchpriority=\"high\" decoding=\"async\" width=\"300\" height=\"300\" src=\"https:\/\/hyprox.pe\/wp-content\/uploads\/2025\/11\/20943788-300x300.jpg\" class=\"attachment-woocommerce_thumbnail size-woocommerce_thumbnail wp-image-6321\" alt=\"\" srcset=\"https:\/\/hyprox.pe\/wp-content\/uploads\/2025\/11\/20943788-300x300.jpg 300w, https:\/\/hyprox.pe\/wp-content\/uploads\/2025\/11\/20943788-1024x1024.jpg 1024w, https:\/\/hyprox.pe\/wp-content\/uploads\/2025\/11\/20943788-150x150.jpg 150w, https:\/\/hyprox.pe\/wp-content\/uploads\/2025\/11\/20943788-768x768.jpg 768w, https:\/\/hyprox.pe\/wp-content\/uploads\/2025\/11\/20943788-1536x1536.jpg 1536w, https:\/\/hyprox.pe\/wp-content\/uploads\/2025\/11\/20943788-2048x2048.jpg 2048w, https:\/\/hyprox.pe\/wp-content\/uploads\/2025\/11\/20943788-12x12.jpg 12w, https:\/\/hyprox.pe\/wp-content\/uploads\/2025\/11\/20943788-600x600.jpg 600w, https:\/\/hyprox.pe\/wp-content\/uploads\/2025\/11\/20943788-100x100.jpg 100w\" sizes=\"(max-width: 300px) 100vw, 300px\" \/>\t\t\t\t\t\t\t\t\t\t\t\t\t\t\t<\/div>\n\t\t\t\t<\/div>\n\t\t<div class=\"elementor-element elementor-element-510c78f e-con-full e-flex e-con e-child\" data-id=\"510c78f\" data-element_type=\"container\" data-e-type=\"container\">\n\t\t\t\t<div class=\"elementor-element elementor-element-694942a elementor-widget elementor-widget-image\" data-id=\"694942a\" data-element_type=\"widget\" data-e-type=\"widget\" data-widget_type=\"image.default\">\n\t\t\t\t\t\t\t\t\t\t\t\t\t\t\t<img decoding=\"async\" width=\"300\" height=\"300\" src=\"https:\/\/hyprox.pe\/wp-content\/uploads\/2025\/11\/5899209-300x300.jpg\" class=\"attachment-woocommerce_thumbnail size-woocommerce_thumbnail wp-image-6320\" alt=\"\" srcset=\"https:\/\/hyprox.pe\/wp-content\/uploads\/2025\/11\/5899209-300x300.jpg 300w, https:\/\/hyprox.pe\/wp-content\/uploads\/2025\/11\/5899209-1024x1024.jpg 1024w, https:\/\/hyprox.pe\/wp-content\/uploads\/2025\/11\/5899209-150x150.jpg 150w, https:\/\/hyprox.pe\/wp-content\/uploads\/2025\/11\/5899209-768x768.jpg 768w, https:\/\/hyprox.pe\/wp-content\/uploads\/2025\/11\/5899209-1536x1536.jpg 1536w, https:\/\/hyprox.pe\/wp-content\/uploads\/2025\/11\/5899209-12x12.jpg 12w, https:\/\/hyprox.pe\/wp-content\/uploads\/2025\/11\/5899209-600x600.jpg 600w, https:\/\/hyprox.pe\/wp-content\/uploads\/2025\/11\/5899209-100x100.jpg 100w, https:\/\/hyprox.pe\/wp-content\/uploads\/2025\/11\/5899209.jpg 2000w\" sizes=\"(max-width: 300px) 100vw, 300px\" \/>\t\t\t\t\t\t\t\t\t\t\t\t\t\t\t<\/div>\n\t\t\t\t<\/div>\n\t\t\t\t\t<\/div>\n\t\t\t\t<\/div>\n\t\t<div class=\"elementor-element elementor-element-2d75a9a e-flex e-con-boxed e-con e-parent\" data-id=\"2d75a9a\" data-element_type=\"container\" data-e-type=\"container\">\n\t\t\t\t\t<div class=\"e-con-inner\">\n\t\t<div class=\"elementor-element elementor-element-4dd559d e-con-full e-flex e-con e-child\" data-id=\"4dd559d\" data-element_type=\"container\" data-e-type=\"container\">\n\t\t<div class=\"elementor-element elementor-element-6138336 e-grid e-con-full e-con e-child\" data-id=\"6138336\" data-element_type=\"container\" data-e-type=\"container\">\n\t\t\t\t<div class=\"elementor-element elementor-element-b832e77 elementor-widget elementor-widget-heading\" data-id=\"b832e77\" data-element_type=\"widget\" data-e-type=\"widget\" data-widget_type=\"heading.default\">\n\t\t\t\t\t<h2 class=\"elementor-heading-title elementor-size-default\">MISI\u00d3N<\/h2>\t\t\t\t<\/div>\n\t\t\t\t<div class=\"elementor-element elementor-element-fd8d56b elementor-widget elementor-widget-heading\" data-id=\"fd8d56b\" data-element_type=\"widget\" data-e-type=\"widget\" data-widget_type=\"heading.default\">\n\t\t\t\t\t<h2 class=\"elementor-heading-title elementor-size-default\">VISI\u00d3N<\/h2>\t\t\t\t<\/div>\n\t\t\t\t<div class=\"elementor-element elementor-element-c31c93b elementor-widget elementor-widget-text-editor\" data-id=\"c31c93b\" data-element_type=\"widget\" data-e-type=\"widget\" data-widget_type=\"text-editor.default\">\n\t\t\t\t\t\t\t\t\t<p data-pm-slice=\"0 0 []\">Nuestra misi\u00f3n es brindar a los clientes los repuestos de laptop adecuados para garantizar la reparaci\u00f3n y el \u00f3ptimo funcionamiento de sus equipos. Nos comprometemos a ofrecer una amplia variedad de productos de alta calidad, con precios competitivos y un servicio orientado a la confianza, la eficiencia y la satisfacci\u00f3n del usuario.<\/p>\t\t\t\t\t\t\t\t<\/div>\n\t\t\t\t<div class=\"elementor-element elementor-element-bede4c3 elementor-widget elementor-widget-text-editor\" data-id=\"bede4c3\" data-element_type=\"widget\" data-e-type=\"widget\" data-widget_type=\"text-editor.default\">\n\t\t\t\t\t\t\t\t\t<p data-pm-slice=\"0 0 []\">Nuestra visi\u00f3n es convertirnos en la principal referencia global en la comercializaci\u00f3n de repuestos para laptops, impulsando soluciones tecnol\u00f3gicas confiables y accesibles. Nos comprometemos a continuar innovando, ampliando nuestra presencia y fortaleciendo nuestra cadena de valor para responder de manera eficiente a las necesidades de nuestros clientes en todo el mundo.<\/p>\t\t\t\t\t\t\t\t<\/div>\n\t\t\t\t<\/div>\n\t\t\t\t<\/div>\n\t\t\t\t\t<\/div>\n\t\t\t\t<\/div>\n\t\t<div class=\"elementor-element elementor-element-70b699f e-grid e-con-boxed e-con e-parent\" data-id=\"70b699f\" data-element_type=\"container\" data-e-type=\"container\">\n\t\t\t\t\t<div class=\"e-con-inner\">\n\t\t\t\t<div class=\"elementor-element elementor-element-d14953d elementor-widget elementor-widget-image\" data-id=\"d14953d\" data-element_type=\"widget\" data-e-type=\"widget\" data-widget_type=\"image.default\">\n\t\t\t\t\t\t\t\t\t\t\t\t\t\t\t<img decoding=\"async\" src=\"https:\/\/hyprox.pe\/wp-content\/uploads\/elementor\/thumbs\/like_739180-rf1rc3vpfdoortbsbp4lh8xvezj3l28k5vfe1ukqg8.png\" title=\"like_739180\" alt=\"like_739180\" loading=\"lazy\" \/>\t\t\t\t\t\t\t\t\t\t\t\t\t\t\t<\/div>\n\t\t\t\t<div class=\"elementor-element elementor-element-885b0f1 elementor-widget elementor-widget-image\" data-id=\"885b0f1\" data-element_type=\"widget\" data-e-type=\"widget\" data-widget_type=\"image.default\">\n\t\t\t\t\t\t\t\t\t\t\t\t\t\t\t<img decoding=\"async\" src=\"https:\/\/hyprox.pe\/wp-content\/uploads\/elementor\/thumbs\/coins-rf1reyc44bkxxb6ypfexj1345zi3w2javyjbd0ctm0.png\" title=\"coins\" alt=\"coins\" loading=\"lazy\" \/>\t\t\t\t\t\t\t\t\t\t\t\t\t\t\t<\/div>\n\t\t\t\t<div class=\"elementor-element elementor-element-523b8f3 elementor-widget elementor-widget-image\" data-id=\"523b8f3\" data-element_type=\"widget\" data-e-type=\"widget\" data-widget_type=\"image.default\">\n\t\t\t\t\t\t\t\t\t\t\t\t\t\t\t<img decoding=\"async\" src=\"https:\/\/hyprox.pe\/wp-content\/uploads\/elementor\/thumbs\/truck-rf208fbqew6d801pw5np6f0r20q2ntvljas5kfmy20.png\" title=\"truck\" alt=\"truck\" loading=\"lazy\" \/>\t\t\t\t\t\t\t\t\t\t\t\t\t\t\t<\/div>\n\t\t\t\t<div class=\"elementor-element elementor-element-93eca5c elementor-widget elementor-widget-image\" data-id=\"93eca5c\" data-element_type=\"widget\" data-e-type=\"widget\" data-widget_type=\"image.default\">\n\t\t\t\t\t\t\t\t\t\t\t\t\t\t\t<img decoding=\"async\" src=\"https:\/\/hyprox.pe\/wp-content\/uploads\/elementor\/thumbs\/money-rf208h7esk8xv7yzl6gybejo8sgt38327k34izk5pk.png\" title=\"money\" alt=\"money\" loading=\"lazy\" \/>\t\t\t\t\t\t\t\t\t\t\t\t\t\t\t<\/div>\n\t\t\t\t\t<\/div>\n\t\t\t\t<\/div>\n\t\t<div class=\"elementor-element elementor-element-d477cfd e-grid e-con-boxed e-con e-parent\" data-id=\"d477cfd\" data-element_type=\"container\" data-e-type=\"container\">\n\t\t\t\t\t<div class=\"e-con-inner\">\n\t\t\t\t<div class=\"elementor-element elementor-element-10b7243 elementor-widget elementor-widget-text-editor\" data-id=\"10b7243\" data-element_type=\"widget\" data-e-type=\"widget\" data-widget_type=\"text-editor.default\">\n\t\t\t\t\t\t\t\t\t<p><strong>100% SATISFACCI\u00d3N<\/strong><br \/>Recomendable.<\/p>\n<div class=\"wpb_column vc_column_container vc_col-sm-3\">\n<div class=\"vc_column-inner\">\n<div class=\"wpb_wrapper\">\n<div class=\"vc_icon_element vc_icon_element-outer wpb_animate_when_almost_visible wpb_bounceIn bounceIn vc_icon_element-align-center wpb_start_animation animated\">\n<div class=\"vc_icon_element-inner vc_icon_element-color-custom vc_icon_element-size-md vc_icon_element-style- vc_icon_element-background-color-grey\">\u00a0<\/div>\n<\/div>\n<\/div>\n<\/div>\n<\/div>\t\t\t\t\t\t\t\t<\/div>\n\t\t\t\t<div class=\"elementor-element elementor-element-dde3bdd elementor-widget elementor-widget-text-editor\" data-id=\"dde3bdd\" data-element_type=\"widget\" data-e-type=\"widget\" data-widget_type=\"text-editor.default\">\n\t\t\t\t\t\t\t\t\t<p><strong>AHORRE<\/strong><br \/>Usar tarjeta de cr\u00e9dito.<\/p>\n<div class=\"wpb_column vc_column_container vc_col-sm-3\">\n<div class=\"vc_column-inner\">\n<div class=\"wpb_wrapper\">\n<div class=\"vc_icon_element vc_icon_element-outer wpb_animate_when_almost_visible wpb_bounceIn bounceIn vc_icon_element-align-center wpb_start_animation animated\">\n<div class=\"vc_icon_element-inner vc_icon_element-color-custom vc_icon_element-size-md vc_icon_element-style- vc_icon_element-background-color-grey\">\u00a0<\/div>\n<\/div>\n<\/div>\n<\/div>\n<\/div>\t\t\t\t\t\t\t\t<\/div>\n\t\t\t\t<div class=\"elementor-element elementor-element-61f8e52 elementor-widget elementor-widget-text-editor\" data-id=\"61f8e52\" data-element_type=\"widget\" data-e-type=\"widget\" data-widget_type=\"text-editor.default\">\n\t\t\t\t\t\t\t\t\t<p><strong>R\u00c1PIDO ENV\u00cdO<\/strong><br \/>Toda lima y provincia.<\/p>\n<div class=\"wpb_column vc_column_container vc_col-sm-3\">\n<div class=\"vc_column-inner\">\n<div class=\"wpb_wrapper\">\n<div class=\"vc_icon_element vc_icon_element-outer wpb_animate_when_almost_visible wpb_bounceIn bounceIn vc_icon_element-align-center wpb_start_animation animated\">\n<div class=\"vc_icon_element-inner vc_icon_element-color-custom vc_icon_element-size-md vc_icon_element-style- vc_icon_element-background-color-grey\">\u00a0<\/div>\n<\/div>\n<\/div>\n<\/div>\n<\/div>\t\t\t\t\t\t\t\t<\/div>\n\t\t\t\t<div class=\"elementor-element elementor-element-4405cb9 elementor-widget elementor-widget-text-editor\" data-id=\"4405cb9\" data-element_type=\"widget\" data-e-type=\"widget\" data-widget_type=\"text-editor.default\">\n\t\t\t\t\t\t\t\t\t<p><strong>ECON\u00d3MICO<\/strong><br \/>Precios accesibles.<\/p>\n<div class=\"wpb_column vc_column_container vc_col-sm-3\">\n<div class=\"vc_column-inner\">\n<div class=\"wpb_wrapper\">\n<div class=\"vc_icon_element vc_icon_element-outer wpb_animate_when_almost_visible wpb_bounceIn bounceIn vc_icon_element-align-center wpb_start_animation animated\">\n<div class=\"vc_icon_element-inner vc_icon_element-color-custom vc_icon_element-size-md vc_icon_element-style- vc_icon_element-background-color-grey\">\u00a0<\/div>\n<\/div>\n<\/div>\n<\/div>\n<\/div>\t\t\t\t\t\t\t\t<\/div>\n\t\t\t\t\t<\/div>\n\t\t\t\t<\/div>\n\t\t\t\t<\/div>\n\t\t","protected":false},"excerpt":{"rendered":"<p>Hyprox es una marca con m\u00e1s de 13 a\u00f1os de experiencia en la comercializaci\u00f3n de repuestos para laptops, accesorios y equipos completos. La empresa est\u00e1 comprometida con brindar a sus<\/p>\n","protected":false},"author":1,"featured_media":0,"parent":0,"menu_order":0,"comment_status":"closed","ping_status":"closed","template":"","meta":{"_acf_changed":false,"footnotes":""},"class_list":["post-6318","page","type-page","status-publish","hentry"],"acf":[],"_links":{"self":[{"href":"https:\/\/hyprox.pe\/index.php?rest_route=\/wp\/v2\/pages\/6318","targetHints":{"allow":["GET"]}}],"collection":[{"href":"https:\/\/hyprox.pe\/index.php?rest_route=\/wp\/v2\/pages"}],"about":[{"href":"https:\/\/hyprox.pe\/index.php?rest_route=\/wp\/v2\/types\/page"}],"author":[{"embeddable":true,"href":"https:\/\/hyprox.pe\/index.php?rest_route=\/wp\/v2\/users\/1"}],"replies":[{"embeddable":true,"href":"https:\/\/hyprox.pe\/index.php?rest_route=%2Fwp%2Fv2%2Fcomments&post=6318"}],"version-history":[{"count":19,"href":"https:\/\/hyprox.pe\/index.php?rest_route=\/wp\/v2\/pages\/6318\/revisions"}],"predecessor-version":[{"id":6936,"href":"https:\/\/hyprox.pe\/index.php?rest_route=\/wp\/v2\/pages\/6318\/revisions\/6936"}],"wp:attachment":[{"href":"https:\/\/hyprox.pe\/index.php?rest_route=%2Fwp%2Fv2%2Fmedia&parent=6318"}],"curies":[{"name":"wp","href":"https:\/\/api.w.org\/{rel}","templated":true}]}}