{"id":6152,"date":"2025-11-12T17:16:50","date_gmt":"2025-11-12T17:16:50","guid":{"rendered":"https:\/\/hyprox.pe\/?post_type=product&#038;p=6152"},"modified":"2025-12-18T19:33:50","modified_gmt":"2025-12-18T19:33:50","slug":"audifonos-remax-rb-s15","status":"publish","type":"product","link":"https:\/\/hyprox.pe\/?product=audifonos-remax-rb-s15","title":{"rendered":"Aud\u00edfonos Remax RB-S15"},"content":{"rendered":"","protected":false},"excerpt":{"rendered":"<ul>\n<li>Utilizan tecnolog\u00eda de conducci\u00f3n a\u00e9rea para una escucha abierta.<\/li>\n<li>Son ligeros para mayor comodidad y seguridad para escuchar el entorno.<\/li>\n<li>Cuenta con bluetooth 5.4<\/li>\n<li>Duraci\u00f3n de la bater\u00eda unas 4 a 6 horas.<\/li>\n<li>Carga r\u00e1pida.<\/li>\n<li>Requiere solo una hora y media para una carga completa.<\/li>\n<\/ul>\n","protected":false},"featured_media":6521,"comment_status":"open","ping_status":"closed","template":"","meta":{"_acf_changed":false},"product_brand":[129],"product_cat":[117],"product_tag":[],"class_list":{"0":"post-6152","1":"product","2":"type-product","3":"status-publish","4":"has-post-thumbnail","6":"product_brand-remax","7":"product_cat-audifonos","9":"first","10":"instock","11":"shipping-taxable","12":"purchasable","13":"product-type-simple"},"acf":[],"_links":{"self":[{"href":"https:\/\/hyprox.pe\/index.php?rest_route=\/wp\/v2\/product\/6152","targetHints":{"allow":["GET"]}}],"collection":[{"href":"https:\/\/hyprox.pe\/index.php?rest_route=\/wp\/v2\/product"}],"about":[{"href":"https:\/\/hyprox.pe\/index.php?rest_route=\/wp\/v2\/types\/product"}],"replies":[{"embeddable":true,"href":"https:\/\/hyprox.pe\/index.php?rest_route=%2Fwp%2Fv2%2Fcomments&post=6152"}],"wp:featuredmedia":[{"embeddable":true,"href":"https:\/\/hyprox.pe\/index.php?rest_route=\/wp\/v2\/media\/6521"}],"wp:attachment":[{"href":"https:\/\/hyprox.pe\/index.php?rest_route=%2Fwp%2Fv2%2Fmedia&parent=6152"}],"wp:term":[{"taxonomy":"product_brand","embeddable":true,"href":"https:\/\/hyprox.pe\/index.php?rest_route=%2Fwp%2Fv2%2Fproduct_brand&post=6152"},{"taxonomy":"product_cat","embeddable":true,"href":"https:\/\/hyprox.pe\/index.php?rest_route=%2Fwp%2Fv2%2Fproduct_cat&post=6152"},{"taxonomy":"product_tag","embeddable":true,"href":"https:\/\/hyprox.pe\/index.php?rest_route=%2Fwp%2Fv2%2Fproduct_tag&post=6152"}],"curies":[{"name":"wp","href":"https:\/\/api.w.org\/{rel}","templated":true}]}}