{"id":6911,"date":"2025-12-22T18:06:23","date_gmt":"2025-12-22T18:06:23","guid":{"rendered":"https:\/\/hyprox.pe\/?post_type=product&#038;p=6911"},"modified":"2025-12-22T18:06:23","modified_gmt":"2025-12-22T18:06:23","slug":"cable-flex-para-laptop-acer-a515-51","status":"publish","type":"product","link":"https:\/\/hyprox.pe\/?product=cable-flex-para-laptop-acer-a515-51","title":{"rendered":"Cable Flex para Laptop ACER A515-51"},"content":{"rendered":"","protected":false},"excerpt":{"rendered":"<p>Todas las im\u00e1genes que mostramos son fotos reales de los art\u00edculos que ofrecemos<\/p>\n<p>Si tienes alguna pregunta o necesitas m\u00e1s informaci\u00f3n, no dudes en consultarnos a trav\u00e9s de WhatsApp 915064919<\/p>\n","protected":false},"featured_media":6912,"comment_status":"open","ping_status":"closed","template":"","meta":{"_acf_changed":false},"product_brand":[320],"product_cat":[328],"product_tag":[],"class_list":{"0":"post-6911","1":"product","2":"type-product","3":"status-publish","4":"has-post-thumbnail","6":"product_brand-acer","7":"product_cat-cable-flex-para-laptop","9":"first","10":"instock","11":"shipping-taxable","12":"purchasable","13":"product-type-simple"},"acf":[],"_links":{"self":[{"href":"https:\/\/hyprox.pe\/index.php?rest_route=\/wp\/v2\/product\/6911","targetHints":{"allow":["GET"]}}],"collection":[{"href":"https:\/\/hyprox.pe\/index.php?rest_route=\/wp\/v2\/product"}],"about":[{"href":"https:\/\/hyprox.pe\/index.php?rest_route=\/wp\/v2\/types\/product"}],"replies":[{"embeddable":true,"href":"https:\/\/hyprox.pe\/index.php?rest_route=%2Fwp%2Fv2%2Fcomments&post=6911"}],"wp:featuredmedia":[{"embeddable":true,"href":"https:\/\/hyprox.pe\/index.php?rest_route=\/wp\/v2\/media\/6912"}],"wp:attachment":[{"href":"https:\/\/hyprox.pe\/index.php?rest_route=%2Fwp%2Fv2%2Fmedia&parent=6911"}],"wp:term":[{"taxonomy":"product_brand","embeddable":true,"href":"https:\/\/hyprox.pe\/index.php?rest_route=%2Fwp%2Fv2%2Fproduct_brand&post=6911"},{"taxonomy":"product_cat","embeddable":true,"href":"https:\/\/hyprox.pe\/index.php?rest_route=%2Fwp%2Fv2%2Fproduct_cat&post=6911"},{"taxonomy":"product_tag","embeddable":true,"href":"https:\/\/hyprox.pe\/index.php?rest_route=%2Fwp%2Fv2%2Fproduct_tag&post=6911"}],"curies":[{"name":"wp","href":"https:\/\/api.w.org\/{rel}","templated":true}]}}